{"id":248,"date":"2018-02-20T14:54:17","date_gmt":"2018-02-20T13:54:17","guid":{"rendered":"https:\/\/www.augustaoffshore.it\/home-augusta\/"},"modified":"2019-03-20T09:48:59","modified_gmt":"2019-03-20T08:48:59","slug":"home-augusta","status":"publish","type":"page","link":"https:\/\/www.augustaoffshore.it\/en\/","title":{"rendered":"Home Augusta"},"content":{"rendered":"<p>[vc_row][vc_column css=&#8221;.vc_custom_1475031924841{margin-bottom: 30px !important;}&#8221;][rev_slider_vc alias=&#8221;homepage-slider&#8221;][\/vc_column][\/vc_row][vc_row][vc_column el_class=&#8221;home-partners&#8221;]<h3 class=\"center-title\">Augusta Offshore S.p.A.<\/h3><div class=\"title-block2\"><\/div>[vc_column_text]Augusta Offshore operates world-wide. Currently the fleet is mainly deployed in North Africa, Mediterranean, Red Sea, West Africa, Brazil and North Sea.<\/p>\n<p>The company policy is to secure medium\/long term contracts, however some vessels also trade on the spot market.<\/p>\n<p>The company operates as a contractor, mainly on a long term time charter basis, for some of the major customers in the offshore market, such as\u00a0<strong>Mellitah Oil &amp; Gas<\/strong>\u00a0and\u00a0<strong>Mabruk Oil<\/strong>\u00a0in Libya,\u00a0<strong>Petrobel<\/strong>\u00a0in Egypt,\u00a0<strong>Eni<\/strong>\u00a0in Italy,\u00a0<strong>Petrobras<\/strong>\u00a0in Brazil,\u00a0<strong>Total<\/strong>,\u00a0<strong>Addax<\/strong>\u00a0and\u00a0<strong>Exxon Mobil<\/strong>\u00a0in Nigeria and many of the Majors in the North Sea.[\/vc_column_text][\/vc_column][\/vc_row][vc_row type=&#8221;full_width_section&#8221;][vc_column css=&#8221;.vc_custom_1517827340064{margin-top: 0px !important;margin-right: 0px !important;margin-bottom: 60px !important;margin-left: 0px !important;border-top-width: 0px !important;border-right-width: 0px !important;border-left-width: 0px !important;padding-top: 0px !important;padding-right: 0px !important;padding-left: 0px !important;}&#8221; el_class=&#8221;text-with-bg-custom&#8221;]<!-- BEGIN .full-width-message-wrapper -->\n\t<div class=\"full-width-message-wrapper\" style=\"background:url(https:\/\/www.augustaoffshore.it\/cafcd\/uploads\/sites\/3\/2018\/02\/BANNER_AUGUSTA_11.png) no-repeat center top;\">\n\n\t\t<!-- BEGIN .full-width-message-inner -->\n\t\t<div class=\"full-width-message-inner\">\n\n\t\t\t<h3>Augusta Offshore S.p.A. \u00e8 una societ\u00e0 italiana fondata nel 1986 e specializzata nel servizio di assistenza a piattaforme petrolifere e in attivit\u00e0 di esplorazione e produzione.<\/h3>\n\n\t\t\t<div class=\"call-to-action-button-wrapper clearfix\">\n\t\t\t\t<a href=\"\/flotta\/\" class=\"button-view-yachts\"><i class=\"fa \"><\/i>Flotta<\/a>\n\t\t\t\t<a href=\"\" class=\"button-get-in-touch\"><i class=\"fa \"><\/i><\/a>\n\t\t\t<\/div>\n\n\t\t\t<div class=\"clearboth\"><\/div>\n\n\t\t<!-- END .full-width-message-inner -->\n\t\t<\/div>\n\n\t<!-- END .full-width-message-wrapper -->\n\t<\/div>[\/vc_column][\/vc_row][vc_row][vc_column width=&#8221;1\/2&#8243;]<h3 class=\"center-title\">Photo Gallery<\/h3><div class=\"title-block2\"><\/div>[vc_column_text]<\/p>\n\n<p>[\/vc_column_text][\/vc_column][\/vc_row][vc_row type=&#8221;full_width_section&#8221;][vc_column css=&#8221;.vc_custom_1517848148866{margin-top: 0px !important;margin-right: 0px !important;margin-left: 0px !important;border-top-width: 0px !important;border-right-width: 0px !important;border-left-width: 0px !important;padding-top: 0px !important;padding-right: 0px !important;padding-left: 0px !important;}&#8221; el_class=&#8221;text-with-bg-custom&#8221;]<!-- BEGIN .full-width-message-wrapper -->\n\t<div class=\"full-width-message-wrapper\" style=\"background:url(https:\/\/www.augustaoffshore.it\/cafcd\/uploads\/sites\/3\/2018\/02\/BANNER_AUGUSTA_22.png) no-repeat center top;\">\n\n\t\t<!-- BEGIN .full-width-message-inner -->\n\t\t<div class=\"full-width-message-inner\">\n\n\t\t\t<h3>Con il trascorrere degli anni la societ\u00e0 \u00e8 diventata leader nel settore offshore nel Mediterraneo per dimensioni e caratteristiche della flotta oltre che per la qualit\u00e0 e l'affidabilit\u00e0 del servizio.<\/h3>\n\n\t\t\t<div class=\"call-to-action-button-wrapper clearfix\">\n\t\t\t\t<a href=\"\/career\/\" class=\"button-view-yachts\"><i class=\"fa \"><\/i>Career<\/a>\n\t\t\t\t<a href=\"\" class=\"button-get-in-touch\"><i class=\"fa \"><\/i><\/a>\n\t\t\t<\/div>\n\n\t\t\t<div class=\"clearboth\"><\/div>\n\n\t\t<!-- END .full-width-message-inner -->\n\t\t<\/div>\n\n\t<!-- END .full-width-message-wrapper -->\n\t<\/div>[\/vc_column][\/vc_row]<\/p>\n","protected":false},"excerpt":{"rendered":"<p>[vc_row][vc_column css=&#8221;.vc_custom_1475031924841{margin-bottom: 30px !important;}&#8221;][rev_slider_vc alias=&#8221;homepage-slider&#8221;][\/vc_column][\/vc_row][vc_row][vc_column el_class=&#8221;home-partners&#8221;][vc_column_text]Augusta Offshore operates world-wide. Currently the fleet is mainly deployed in North Africa, Mediterranean, Red Sea, West Africa, Brazil and North Sea. The company policy is to secure medium\/long term contracts, however some vessels also trade on the spot market. The company operates as a contractor, mainly on a long<\/p>\n","protected":false},"author":1,"featured_media":0,"parent":0,"menu_order":0,"comment_status":"closed","ping_status":"closed","template":"","meta":[],"acf":[],"yoast_head":"<!-- This site is optimized with the Yoast SEO plugin v18.8 - https:\/\/yoast.com\/wordpress\/plugins\/seo\/ -->\n<title>Augusta Offshore S.p.A. - Gruppo CA.FI.MA<\/title>\n<meta name=\"description\" content=\"The Cafiero Mattioli group is a shipping organisation actively involved in ownership and management of deep sea vessels, offshore supply vessels and services to oil-rig platforms and harbour and deep sea towage and salvage.\" \/>\n<meta name=\"robots\" content=\"index, follow, max-snippet:-1, max-image-preview:large, max-video-preview:-1\" \/>\n<link rel=\"canonical\" href=\"https:\/\/www.augustaoffshore.it\/en\/\" \/>\n<meta property=\"og:locale\" content=\"en_US\" \/>\n<meta property=\"og:type\" content=\"article\" \/>\n<meta property=\"og:title\" content=\"Augusta Offshore S.p.A. - Gruppo CA.FI.MA\" \/>\n<meta property=\"og:description\" content=\"The Cafiero Mattioli group is a shipping organisation actively involved in ownership and management of deep sea vessels, offshore supply vessels and services to oil-rig platforms and harbour and deep sea towage and salvage.\" \/>\n<meta property=\"og:url\" content=\"https:\/\/www.augustaoffshore.it\/en\/\" \/>\n<meta property=\"og:site_name\" content=\"Augusta Offshore\" \/>\n<meta property=\"article:modified_time\" content=\"2019-03-20T08:48:59+00:00\" \/>\n<meta name=\"twitter:card\" content=\"summary_large_image\" \/>\n<meta name=\"twitter:label1\" content=\"Est. reading time\" \/>\n\t<meta name=\"twitter:data1\" content=\"2 minutes\" \/>\n<script type=\"application\/ld+json\" class=\"yoast-schema-graph\">{\"@context\":\"https:\/\/schema.org\",\"@graph\":[{\"@type\":\"WebSite\",\"@id\":\"https:\/\/www.augustaoffshore.it\/#website\",\"url\":\"https:\/\/www.augustaoffshore.it\/\",\"name\":\"Augusta Offshore\",\"description\":\"Ecco un altro sito Cafima Sites\",\"potentialAction\":[{\"@type\":\"SearchAction\",\"target\":{\"@type\":\"EntryPoint\",\"urlTemplate\":\"https:\/\/www.augustaoffshore.it\/?s={search_term_string}\"},\"query-input\":\"required name=search_term_string\"}],\"inLanguage\":\"en-US\"},{\"@type\":\"WebPage\",\"@id\":\"https:\/\/www.augustaoffshore.it\/en\/#webpage\",\"url\":\"https:\/\/www.augustaoffshore.it\/en\/\",\"name\":\"Augusta Offshore S.p.A. - Gruppo CA.FI.MA\",\"isPartOf\":{\"@id\":\"https:\/\/www.augustaoffshore.it\/#website\"},\"datePublished\":\"2018-02-20T13:54:17+00:00\",\"dateModified\":\"2019-03-20T08:48:59+00:00\",\"description\":\"The Cafiero Mattioli group is a shipping organisation actively involved in ownership and management of deep sea vessels, offshore supply vessels and services to oil-rig platforms and harbour and deep sea towage and salvage.\",\"breadcrumb\":{\"@id\":\"https:\/\/www.augustaoffshore.it\/en\/#breadcrumb\"},\"inLanguage\":\"en-US\",\"potentialAction\":[{\"@type\":\"ReadAction\",\"target\":[\"https:\/\/www.augustaoffshore.it\/en\/\"]}]},{\"@type\":\"BreadcrumbList\",\"@id\":\"https:\/\/www.augustaoffshore.it\/en\/#breadcrumb\",\"itemListElement\":[{\"@type\":\"ListItem\",\"position\":1,\"name\":\"Home\",\"item\":\"https:\/\/www.augustaoffshore.it\/en\/\"},{\"@type\":\"ListItem\",\"position\":2,\"name\":\"Home Augusta\"}]}]}<\/script>\n<!-- \/ Yoast SEO plugin. -->","yoast_head_json":{"title":"Augusta Offshore S.p.A. - Gruppo CA.FI.MA","description":"The Cafiero Mattioli group is a shipping organisation actively involved in ownership and management of deep sea vessels, offshore supply vessels and services to oil-rig platforms and harbour and deep sea towage and salvage.","robots":{"index":"index","follow":"follow","max-snippet":"max-snippet:-1","max-image-preview":"max-image-preview:large","max-video-preview":"max-video-preview:-1"},"canonical":"https:\/\/www.augustaoffshore.it\/en\/","og_locale":"en_US","og_type":"article","og_title":"Augusta Offshore S.p.A. - Gruppo CA.FI.MA","og_description":"The Cafiero Mattioli group is a shipping organisation actively involved in ownership and management of deep sea vessels, offshore supply vessels and services to oil-rig platforms and harbour and deep sea towage and salvage.","og_url":"https:\/\/www.augustaoffshore.it\/en\/","og_site_name":"Augusta Offshore","article_modified_time":"2019-03-20T08:48:59+00:00","twitter_card":"summary_large_image","twitter_misc":{"Est. reading time":"2 minutes"},"schema":{"@context":"https:\/\/schema.org","@graph":[{"@type":"WebSite","@id":"https:\/\/www.augustaoffshore.it\/#website","url":"https:\/\/www.augustaoffshore.it\/","name":"Augusta Offshore","description":"Ecco un altro sito Cafima Sites","potentialAction":[{"@type":"SearchAction","target":{"@type":"EntryPoint","urlTemplate":"https:\/\/www.augustaoffshore.it\/?s={search_term_string}"},"query-input":"required name=search_term_string"}],"inLanguage":"en-US"},{"@type":"WebPage","@id":"https:\/\/www.augustaoffshore.it\/en\/#webpage","url":"https:\/\/www.augustaoffshore.it\/en\/","name":"Augusta Offshore S.p.A. - Gruppo CA.FI.MA","isPartOf":{"@id":"https:\/\/www.augustaoffshore.it\/#website"},"datePublished":"2018-02-20T13:54:17+00:00","dateModified":"2019-03-20T08:48:59+00:00","description":"The Cafiero Mattioli group is a shipping organisation actively involved in ownership and management of deep sea vessels, offshore supply vessels and services to oil-rig platforms and harbour and deep sea towage and salvage.","breadcrumb":{"@id":"https:\/\/www.augustaoffshore.it\/en\/#breadcrumb"},"inLanguage":"en-US","potentialAction":[{"@type":"ReadAction","target":["https:\/\/www.augustaoffshore.it\/en\/"]}]},{"@type":"BreadcrumbList","@id":"https:\/\/www.augustaoffshore.it\/en\/#breadcrumb","itemListElement":[{"@type":"ListItem","position":1,"name":"Home","item":"https:\/\/www.augustaoffshore.it\/en\/"},{"@type":"ListItem","position":2,"name":"Home Augusta"}]}]}},"_links":{"self":[{"href":"https:\/\/www.augustaoffshore.it\/en\/wp-json\/wp\/v2\/pages\/248"}],"collection":[{"href":"https:\/\/www.augustaoffshore.it\/en\/wp-json\/wp\/v2\/pages"}],"about":[{"href":"https:\/\/www.augustaoffshore.it\/en\/wp-json\/wp\/v2\/types\/page"}],"author":[{"embeddable":true,"href":"https:\/\/www.augustaoffshore.it\/en\/wp-json\/wp\/v2\/users\/1"}],"replies":[{"embeddable":true,"href":"https:\/\/www.augustaoffshore.it\/en\/wp-json\/wp\/v2\/comments?post=248"}],"version-history":[{"count":5,"href":"https:\/\/www.augustaoffshore.it\/en\/wp-json\/wp\/v2\/pages\/248\/revisions"}],"predecessor-version":[{"id":561,"href":"https:\/\/www.augustaoffshore.it\/en\/wp-json\/wp\/v2\/pages\/248\/revisions\/561"}],"wp:attachment":[{"href":"https:\/\/www.augustaoffshore.it\/en\/wp-json\/wp\/v2\/media?parent=248"}],"curies":[{"name":"wp","href":"https:\/\/api.w.org\/{rel}","templated":true}]}}